{"id":47341,"date":"2024-11-05T00:53:27","date_gmt":"2024-11-05T00:53:27","guid":{"rendered":"https:\/\/topinfoz.com\/?page_id=47341"},"modified":"2024-11-12T22:19:21","modified_gmt":"2024-11-12T22:19:21","slug":"kullanim-sartlari","status":"publish","type":"page","link":"https:\/\/topinfoz.com\/tr_mt\/termos-de-uso\/","title":{"rendered":"Kullan\u0131m Ko\u015fullar\u0131"},"content":{"rendered":"<h2 class=\"wp-block-heading\">Top Infoz Kullan\u0131m \u015eartlar\u0131<\/h2>\n<p>Top Infoz web sitesine eri\u015ferek, bu hizmet \u015fartlar\u0131na, t\u00fcm ge\u00e7erli yasa ve y\u00f6netmeliklere uymay\u0131 kabul etmi\u015f olursunuz ve t\u00fcm ge\u00e7erli yerel yasalara uymaktan sorumlu oldu\u011funuzu kabul edersiniz. Bu \u015fartlardan herhangi birini kabul etmiyorsan\u0131z, bu siteyi kullanman\u0131z veya bu siteye eri\u015fmeniz yasakt\u0131r. Bu web sitesinde yer alan materyaller, ge\u00e7erli telif hakk\u0131 ve ticari marka yasas\u0131yla korunmaktad\u0131r.<\/p>\n<h2 class=\"wp-block-heading\">Lisans\u0131 Kullan<\/h2>\n<p>Top Infoz&#039;un web sitesindeki materyallerin (bilgi veya yaz\u0131l\u0131m) bir kopyas\u0131n\u0131 yaln\u0131zca ki\u015fisel, ticari olmayan ge\u00e7ici g\u00f6r\u00fcnt\u00fcleme i\u00e7in ge\u00e7ici olarak indirme izni verilmi\u015ftir. Bu bir lisans verme i\u015flemidir, m\u00fclkiyet devri de\u011fildir ve bu lisans kapsam\u0131nda \u015funlar\u0131 yapamazs\u0131n\u0131z:<\/p>\n<ul class=\"wp-block-list\">\n<li>materyalleri de\u011fi\u015ftirmek veya kopyalamak;<\/li>\n<li>Malzemeleri herhangi bir ticari ama\u00e7 i\u00e7in veya herhangi bir kamu g\u00f6sterimi i\u00e7in (ticari veya ticari olmayan) kullanmak;<\/li>\n<li>Top Infoz web sitesinde bulunan herhangi bir yaz\u0131l\u0131m\u0131n derlemesini \u00e7\u00f6zmeye veya tersine m\u00fchendislik uygulamaya \u00e7al\u0131\u015fmak;<\/li>\n<li>materyallerden herhangi bir telif hakk\u0131n\u0131 veya di\u011fer m\u00fclkiyet kay\u0131tlar\u0131n\u0131 kald\u0131rmak; veya<\/li>\n<li>Materyalleri ba\u015fka bir ki\u015fiye devretmek veya materyalleri ba\u015fka bir sunucuda &quot;yans\u0131tmak&quot;. Bu lisans, bu k\u0131s\u0131tlamalardan herhangi birini ihlal etmeniz durumunda otomatik olarak sona erer ve Top Infoz taraf\u0131ndan herhangi bir zamanda sonland\u0131r\u0131labilir. Bu materyalleri g\u00f6r\u00fcnt\u00fclemeyi sonland\u0131rd\u0131\u011f\u0131n\u0131zda veya bu lisans\u0131n sona ermesi \u00fczerine, elektronik veya bas\u0131l\u0131 formatta olsun, elinizde bulunan t\u00fcm indirilmi\u015f materyalleri imha etmelisiniz.<\/li>\n<\/ul>\n<h2 class=\"wp-block-heading\">Sorumluluk reddi<\/h2>\n<p>Top Infoz web sitesindeki materyaller &quot;oldu\u011fu gibi&quot; sunulmaktad\u0131r. Top Infoz, a\u00e7\u0131k veya z\u0131mni hi\u00e7bir garanti vermez ve burada, pazarlanabilirlik, belirli bir amaca uygunluk veya fikri m\u00fclkiyetin ihlal edilmemesi veya di\u011fer hak ihlalleri dahil ancak bunlarla s\u0131n\u0131rl\u0131 olmamak \u00fczere, z\u0131mni garantiler veya ko\u015fullar dahil olmak \u00fczere di\u011fer t\u00fcm garantileri reddeder ve ge\u00e7ersiz k\u0131lar.<\/p>\n<p>Ayr\u0131ca, Top Infoz, web sitesinde yer alan materyallerin veya bu materyallerle veya bu siteye ba\u011fl\u0131 herhangi bir siteyle ilgili olarak kullan\u0131m\u0131n\u0131n do\u011frulu\u011fu, muhtemel sonu\u00e7lar\u0131 veya g\u00fcvenilirli\u011fi konusunda herhangi bir garanti vermez veya beyanda bulunmaz.<\/p>\n<h2 class=\"wp-block-heading\">S\u0131n\u0131rlamalar<\/h2>\n<p>Hi\u00e7bir durumda Top Infoz veya tedarik\u00e7ileri, Top Infoz&#039;un web sitesindeki materyallerin kullan\u0131m\u0131ndan veya kullan\u0131lamamas\u0131ndan kaynaklanan (veri veya kar kayb\u0131 veya i\u015f kesintisi nedeniyle olu\u015fan zararlar dahil ancak bunlarla s\u0131n\u0131rl\u0131 olmamak \u00fczere) hi\u00e7bir zarardan sorumlu tutulamaz, Top Infoz veya Top Infoz&#039;un yetkili bir temsilcisine s\u00f6zl\u00fc veya yaz\u0131l\u0131 olarak b\u00f6yle bir zarar olas\u0131l\u0131\u011f\u0131 bildirilmi\u015f olsa bile. Baz\u0131 yarg\u0131 b\u00f6lgeleri z\u0131mni garantiler veya dolayl\u0131 veya tesad\u00fcfi zararlar i\u00e7in sorumluluk s\u0131n\u0131rlamalar\u0131na izin vermedi\u011finden, bu s\u0131n\u0131rlamalar sizin i\u00e7in ge\u00e7erli olmayabilir.<\/p>\n<h2 class=\"wp-block-heading\">Malzemelerin do\u011frulu\u011fu<\/h2>\n<p>Top Infoz web sitesinde g\u00f6r\u00fcnt\u00fclenen materyaller teknik, tipografik veya foto\u011frafik hatalar i\u00e7erebilir. Top Infoz, web sitesindeki hi\u00e7bir materyalin do\u011fru, eksiksiz veya g\u00fcncel oldu\u011funu garanti etmez. Top Infoz, web sitesinde yer alan materyallerde herhangi bir zamanda bildirimde bulunmaks\u0131z\u0131n de\u011fi\u015fiklik yapabilir. Ancak, Top Infoz materyalleri g\u00fcncellemeyi taahh\u00fct etmez.<\/p>\n<h2 class=\"wp-block-heading\">Ba\u011flant\u0131lar<\/h2>\n<p>Top Infoz, web sitesine ba\u011fl\u0131 sitelerin hepsini incelememi\u015ftir ve bu t\u00fcr ba\u011fl\u0131 sitelerin i\u00e7eriklerinden sorumlu de\u011fildir. Herhangi bir ba\u011flant\u0131n\u0131n dahil edilmesi, Top Infoz taraf\u0131ndan sitenin onayland\u0131\u011f\u0131 anlam\u0131na gelmez. Bu t\u00fcr ba\u011fl\u0131 web sitelerinin kullan\u0131m\u0131 kullan\u0131c\u0131n\u0131n kendi riski alt\u0131ndad\u0131r.<\/p>\n<h2 class=\"wp-block-heading\">De\u011fi\u015fiklikler<\/h2>\n<p>Top Infoz, web sitesi i\u00e7in bu hizmet \u015fartlar\u0131n\u0131 herhangi bir zamanda bildirimde bulunmaks\u0131z\u0131n revize edebilir. Bu web sitesini kullanarak, bu hizmet \u015fartlar\u0131n\u0131n o zamanki g\u00fcncel s\u00fcr\u00fcm\u00fcne ba\u011fl\u0131 kalmay\u0131 kabul etmi\u015f olursunuz.<\/p>\n<p>Y\u00fcr\u00fcrl\u00fckteki Kanun Bu h\u00fck\u00fcm ve ko\u015fullar, Top Infoz yasalar\u0131na tabidir ve bu yasalara uygun \u015fekilde yorumlan\u0131r ve siz geri d\u00f6n\u00fclemez bir \u015fekilde s\u00f6z konusu Eyalet veya konumdaki mahkemelerin m\u00fcnhas\u0131r yarg\u0131 yetkisine tabi olursunuz.<\/p>\n<h2 id=\"lei-aplicavel\" class=\"wp-block-heading\">Uygulanacak hukuk<\/h2>\n<p>Bu h\u00fck\u00fcm ve ko\u015fullar Top Infoz yasalar\u0131na tabidir ve bu yasalara uygun \u015fekilde yorumlan\u0131r ve siz geri d\u00f6n\u00fclemez bir \u015fekilde s\u00f6z konusu Eyalet veya konumdaki mahkemelerin m\u00fcnhas\u0131r yarg\u0131 yetkisine tabi olursunuz.<\/p>","protected":false},"excerpt":{"rendered":"<p>Termos de Uso do Top Infoz Ao acessar ao site Top Infoz, concorda em cumprir estes termos de servi\u00e7o, todas as leis e regulamentos aplic\u00e1veis e concorda que \u00e9 respons\u00e1vel pelo cumprimento de todas as leis locais aplic\u00e1veis. Se voc\u00ea n\u00e3o concordar com algum desses termos, est\u00e1 proibido de usar ou acessar este site. Os &#8230; <a title=\"Kullan\u0131m Ko\u015fullar\u0131\" class=\"read-more\" href=\"https:\/\/topinfoz.com\/tr_mt\/termos-de-uso\/\" aria-label=\"Read more about Termos de Uso\">devam\u0131n\u0131 oku<\/a><\/p>","protected":false},"author":1,"featured_media":0,"parent":0,"menu_order":0,"comment_status":"closed","ping_status":"closed","template":"","meta":{"footnotes":""},"class_list":["post-47341","page","type-page","status-publish"],"_links":{"self":[{"href":"https:\/\/topinfoz.com\/tr_mt\/wp-json\/wp\/v2\/pages\/47341","targetHints":{"allow":["GET"]}}],"collection":[{"href":"https:\/\/topinfoz.com\/tr_mt\/wp-json\/wp\/v2\/pages"}],"about":[{"href":"https:\/\/topinfoz.com\/tr_mt\/wp-json\/wp\/v2\/types\/page"}],"author":[{"embeddable":true,"href":"https:\/\/topinfoz.com\/tr_mt\/wp-json\/wp\/v2\/users\/1"}],"replies":[{"embeddable":true,"href":"https:\/\/topinfoz.com\/tr_mt\/wp-json\/wp\/v2\/comments?post=47341"}],"version-history":[{"count":2,"href":"https:\/\/topinfoz.com\/tr_mt\/wp-json\/wp\/v2\/pages\/47341\/revisions"}],"predecessor-version":[{"id":47746,"href":"https:\/\/topinfoz.com\/tr_mt\/wp-json\/wp\/v2\/pages\/47341\/revisions\/47746"}],"wp:attachment":[{"href":"https:\/\/topinfoz.com\/tr_mt\/wp-json\/wp\/v2\/media?parent=47341"}],"curies":[{"name":"wp","href":"https:\/\/api.w.org\/{rel}","templated":true}]}}