{"id":47347,"date":"2024-11-05T00:56:12","date_gmt":"2024-11-05T00:56:12","guid":{"rendered":"https:\/\/topinfoz.com\/?page_id=47347"},"modified":"2024-11-12T22:19:36","modified_gmt":"2024-11-12T22:19:36","slug":"biz-kimiz","status":"publish","type":"page","link":"https:\/\/topinfoz.com\/tr\/quem-somos\/","title":{"rendered":"Biz kimiz"},"content":{"rendered":"<p>Top Infoz, dijital d\u00fcnya ile ilgili uygulamalar, finans ve di\u011fer konular hakk\u0131nda bilgi ve ipu\u00e7lar\u0131 sa\u011flamak amac\u0131yla 2024 y\u0131l\u0131nda olu\u015fturulmu\u015f bir teknoloji sitesidir. Teknolojinin, ya\u015famlar\u0131 ve i\u015fletmeleri d\u00f6n\u00fc\u015ft\u00fcrmek i\u00e7in g\u00fc\u00e7l\u00fc bir ara\u00e7 oldu\u011funa inan\u0131yoruz ve okuyucular\u0131m\u0131z\u0131n g\u00fcncel kalmas\u0131na ve bu ara\u00e7lardan en iyi \u015fekilde yararlanmas\u0131na yard\u0131mc\u0131 olmak istiyoruz.<\/p>\n\n\n\n<p>Top Infoz&#039;da teknoloji uzmanlar\u0131 taraf\u0131ndan yaz\u0131lan makaleler ve e\u011fitimlerin yan\u0131 s\u0131ra \u00fcr\u00fcn ve hizmetlere ili\u015fkin analizler ve incelemeler bulacaks\u0131n\u0131z. Ayr\u0131ca mobil cihazlar\u0131n\u0131zdan ve uygulamalar\u0131n\u0131zdan en iyi \u015fekilde yararlanman\u0131za yard\u0131mc\u0131 olacak ipu\u00e7lar\u0131 ve p\u00fcf noktalar\u0131 da sunuyoruz.<\/p>\n\n\n\n<p>Ekibimiz, tamam\u0131 okuyucular\u0131m\u0131za y\u00fcksek kaliteli, do\u011fru i\u00e7erik sunmaya kendini adam\u0131\u015f teknoloji uzmanlar\u0131, gazeteciler ve yazarlardan olu\u015fmaktad\u0131r. Teknolojinin ya\u015famlar\u0131 ve i\u015fletmeleri d\u00f6n\u00fc\u015ft\u00fcrmek i\u00e7in g\u00fc\u00e7l\u00fc bir ara\u00e7 oldu\u011funa inan\u0131yoruz ve amac\u0131m\u0131z okuyucular\u0131m\u0131z\u0131n g\u00fcncel kalmas\u0131na ve bu ara\u00e7lardan en iyi \u015fekilde yararlanmas\u0131na yard\u0131mc\u0131 olmakt\u0131r.<\/p>\n\n\n\n<p>\u0130\u00e7eri\u011fin yan\u0131 s\u0131ra okuyucular\u0131m\u0131za sosyal a\u011flar\u0131m\u0131z ve tart\u0131\u015fma forumlar\u0131m\u0131z arac\u0131l\u0131\u011f\u0131yla di\u011fer teknoloji merakl\u0131lar\u0131yla ba\u011flant\u0131 kurma f\u0131rsat\u0131 da sunuyoruz. Okuyucular\u0131m\u0131z\u0131n g\u00f6r\u00fc\u015flerine de\u011fer veriyoruz ve hizmetlerimizi geli\u015ftirmek i\u00e7in \u00f6neri ve geri bildirimlere her zaman a\u00e7\u0131\u011f\u0131z.<\/p>\n\n\n\n<p>Bizi takip edin ve teknoloji d\u00fcnyas\u0131ndaki en son trendlerden ve haberlerden haberdar olun. Web sitemizi ziyaret etti\u011finiz i\u00e7in te\u015fekk\u00fcr ederiz ve sizi yak\u0131nda tekrar g\u00f6rmeyi umuyoruz!<\/p>","protected":false},"excerpt":{"rendered":"<p>O Top Infoz \u00e9 um site de tecnologia criado em 2024 com o objetivo de fornecer informa\u00e7\u00f5es e dicas sobre aplicativos, finan\u00e7as e outros assuntos relacionados ao mundo digital. N\u00f3s acreditamos que a tecnologia \u00e9 uma ferramenta poderosa para transformar vidas e empresas, e queremos ajudar nossos leitores a se manterem atualizados e aproveitar ao &#8230; <a title=\"Biz kimiz\" class=\"read-more\" href=\"https:\/\/topinfoz.com\/tr\/quem-somos\/\" aria-label=\"Read more about Quem somos\">devam\u0131n\u0131 oku<\/a><\/p>","protected":false},"author":1,"featured_media":0,"parent":0,"menu_order":0,"comment_status":"closed","ping_status":"closed","template":"","meta":{"footnotes":""},"class_list":["post-47347","page","type-page","status-publish"],"_links":{"self":[{"href":"https:\/\/topinfoz.com\/tr\/wp-json\/wp\/v2\/pages\/47347","targetHints":{"allow":["GET"]}}],"collection":[{"href":"https:\/\/topinfoz.com\/tr\/wp-json\/wp\/v2\/pages"}],"about":[{"href":"https:\/\/topinfoz.com\/tr\/wp-json\/wp\/v2\/types\/page"}],"author":[{"embeddable":true,"href":"https:\/\/topinfoz.com\/tr\/wp-json\/wp\/v2\/users\/1"}],"replies":[{"embeddable":true,"href":"https:\/\/topinfoz.com\/tr\/wp-json\/wp\/v2\/comments?post=47347"}],"version-history":[{"count":2,"href":"https:\/\/topinfoz.com\/tr\/wp-json\/wp\/v2\/pages\/47347\/revisions"}],"predecessor-version":[{"id":47747,"href":"https:\/\/topinfoz.com\/tr\/wp-json\/wp\/v2\/pages\/47347\/revisions\/47747"}],"wp:attachment":[{"href":"https:\/\/topinfoz.com\/tr\/wp-json\/wp\/v2\/media?parent=47347"}],"curies":[{"name":"wp","href":"https:\/\/api.w.org\/{rel}","templated":true}]}}