{"id":47343,"date":"2024-11-05T00:54:52","date_gmt":"2024-11-05T00:54:52","guid":{"rendered":"https:\/\/topinfoz.com\/?page_id=47343"},"modified":"2024-11-12T22:18:59","modified_gmt":"2024-11-12T22:18:59","slug":"sekretesspolicy","status":"publish","type":"page","link":"https:\/\/topinfoz.com\/sv\/politica-de-privacidade\/","title":{"rendered":"Sekretesspolicy"},"content":{"rendered":"<p>All information som samlas in kommer att anv\u00e4ndas f\u00f6r att f\u00f6rb\u00e4ttra din upplevelse p\u00e5 v\u00e5r webbplats. Informationen som samlas in kan inneh\u00e5lla ditt namn, e-post, telefonnummer och\/eller annan information.<\/p>\n<p>Anv\u00e4ndning av Top Infoz f\u00f6ruts\u00e4tter godk\u00e4nnande av detta integritetsavtal. Om anv\u00e4ndaren inte samtycker, inte ens delvis, med villkoren i denna integritetspolicy ska han\/hon inte komma \u00e5t och\/eller anv\u00e4nda inneh\u00e5llet som erbjuds av Top Infoz. Genom att anv\u00e4nda webbplatsen erk\u00e4nner och samtycker Anv\u00e4ndaren helt och h\u00e5llet till behandlingen av sina uppgifter, i enlighet med villkoren i denna integritetspolicy och de allm\u00e4nna anv\u00e4ndarvillkoren.<\/p>\n<p>Vi f\u00f6rbeh\u00e5ller oss r\u00e4tten att \u00e4ndra denna integritetspolicy n\u00e4r som helst utan samtycke eller meddelande fr\u00e5n anv\u00e4ndare, s\u00e5 v\u00e4nligen granska den ofta. \u00c4ndringar och f\u00f6rtydliganden tr\u00e4der i kraft omedelbart efter publicering p\u00e5 webbplatsen. Om vi g\u00f6r v\u00e4sentliga \u00e4ndringar i denna policy kommer vi att meddela dig h\u00e4r att den har uppdaterats, s\u00e5 att du \u00e4r medveten om vilken information vi samlar in, hur vi anv\u00e4nder den och under vilka omst\u00e4ndigheter, om n\u00e5gra, vi anv\u00e4nder och\/eller avsl\u00f6jar den.<\/p>\n<p>Top Infoz respekterar integriteten f\u00f6r sina anv\u00e4ndare och transparens i hur data anv\u00e4nds. V\u00e5r integritetspolicy har utarbetats i enlighet med internationella och nationella dataskyddsstandarder.<\/p>\n<p>Denna integritetspolicy m\u00e5ste l\u00e4sas och tolkas i samband med de allm\u00e4nna anv\u00e4ndarvillkoren f\u00f6r Top Infoz, tillg\u00e4ngliga p\u00e5 <a href=\"https:\/\/topinfoz.com\/sv\/anvandarvillkor\/\">https:\/\/topinfoz.com\/termos-de-uso\/<\/a><\/p>\n<h2 class=\"wp-block-heading\">Allm\u00e4n information f\u00f6r anv\u00e4ndare <\/h2>\n<p>Top Infoz str\u00e4var efter att dela information med sina anv\u00e4ndare, vilket g\u00f6r kunskap tillg\u00e4nglig f\u00f6r alla. Anv\u00e4ndaren kan surfa p\u00e5 Top Infoz webbplats utan att beh\u00f6va registrera sig tidigare.<\/p>\n<p>Top Infoz f\u00f6ljer internationella s\u00e4kerhetsstandarder och normer f\u00f6r lagring, skydd, integritet och \u00f6verf\u00f6ring av data, och framh\u00e4ver att ingen metod f\u00f6r lagring, skydd, integritet och \u00f6verf\u00f6ring av data \u00e4r 100% s\u00e4ker och okr\u00e4nkbar.<\/p>\n<p>Top Infoz antar praxis och teknologier som st\u00e4ndigt ses \u00f6ver och f\u00f6rb\u00e4ttras, i linje med nationella och utl\u00e4ndska tekniska och regulatoriska framsteg. N\u00e4r vi talar om skydd syftar vi p\u00e5 all obeh\u00f6rig \u00e5tkomst, anv\u00e4ndning, \u00e4ndring, avsl\u00f6jande eller f\u00f6rst\u00f6relse av dina uppgifter. F\u00f6r att f\u00f6rhindra detta fr\u00e5n att h\u00e4nda investerar vi i \u00e5tg\u00e4rder som inkluderar krypterad kommunikation, \u00e5tkomstkontroll, efterlevnad av s\u00e4ker mjukvaruutveckling, interna policyer f\u00f6r efterlevnad och ansvarsskyldighet och riskreducerande \u00e5tg\u00e4rder som m\u00f6jligg\u00f6r s\u00e4kerhet under hela datalivscykeln. Anv\u00e4ndarinformation lagras ocks\u00e5 i s\u00e4kra, v\u00e4lk\u00e4nda och internationellt erk\u00e4nda databaser.<\/p>\n<p>Top Infoz beg\u00e4r inte under n\u00e5gra omst\u00e4ndigheter n\u00e5gon summa pengar f\u00f6r att sl\u00e4ppa n\u00e5gon typ av produkt, oavsett vad det kan vara. Om detta h\u00e4nder, v\u00e4nligen meddela oss omedelbart.<\/p>\n<p>Vi arbetar f\u00f6r att h\u00e5lla all information s\u00e5 uppdaterad som m\u00f6jligt. Det \u00e4r dock v\u00e4rt att notera att denna information kan skilja sig fr\u00e5n den information som finns p\u00e5 webbplatser f\u00f6r institutioner eller tj\u00e4nsteleverant\u00f6rer p\u00e5 en specifik webbplats. Vi garanterar inte informationens riktighet och aktualitet. Kom alltid ih\u00e5g att l\u00e4sa villkoren f\u00f6r de institutioner du v\u00e4ljer. Vi f\u00e5r en liten summa fr\u00e5n annonsering p\u00e5 v\u00e5r webbplats och fr\u00e5n v\u00e5ra partners n\u00e4r vi h\u00e4nvisar en anv\u00e4ndare som efterfr\u00e5gar en produkt eller ett f\u00f6rslag. Allt vi publicerar \u00e4r baserat p\u00e5 kvantitativa och kvalitativa utv\u00e4rderingar av varje produkt. Det \u00e4r v\u00e4rt att notera att v\u00e5ra partners direkt kan p\u00e5verka de produkter vi skriver om och recenserar, och \u00e4ven ordningen p\u00e5 de &quot;b\u00e4sta&quot; artiklarna och produktpositioneringen i Top Infoz. Med tanke p\u00e5 m\u00e4ngden information p\u00e5 v\u00e5r webbplats ger vi ingen typ av garanti om informationens kvalitet och aktualitet; D\u00e4rf\u00f6r prioriterar vi information fr\u00e5n v\u00e5ra partners.<\/p>\n<p>F\u00f6r att skydda din personliga information vidtar vi rimliga f\u00f6rsiktighets\u00e5tg\u00e4rder och f\u00f6ljer branschens b\u00e4sta praxis f\u00f6r att s\u00e4kerst\u00e4lla att den inte p\u00e5 ett ol\u00e4mpligt s\u00e4tt f\u00f6rloras, missbrukas, kommer \u00e5t, avsl\u00f6jas, \u00e4ndras eller f\u00f6rst\u00f6rs.<\/p>\n<h2 class=\"wp-block-heading\">L\u00e4nkar till tredje parts webbplatser <\/h2>\n<p>Top Infoz har l\u00e4nkar till andra webbplatser, som enligt v\u00e5r mening kan inneh\u00e5lla anv\u00e4ndbar information\/verktyg f\u00f6r v\u00e5ra bes\u00f6kare. V\u00e5r integritetspolicy g\u00e4ller inte tredje parts webbplatser. Vi \u00e4r inte ansvariga f\u00f6r integritetspolicyn eller inneh\u00e5llet som finns p\u00e5 samma webbplatser. Top Infoz ut\u00f6var ingen typ av kontroll \u00f6ver dem och \u00e4r d\u00e4rf\u00f6r befriad fr\u00e5n allt ansvar i relationerna mellan anv\u00e4ndaren och tredjepartsprodukter och tj\u00e4nster som annonseras p\u00e5 webbplatsen.<\/p>\n<p>N\u00e4r du l\u00e4mnar v\u00e5r webbplats eller omdirigeras till en tredje parts webbplats eller applikation styrs du inte l\u00e4ngre av denna integritetspolicy eller v\u00e5r webbplatss anv\u00e4ndarvillkor.<\/p>\n<p>Om du \u00e4ndrar dig efter att du anm\u00e4lt dig, kan du n\u00e4r som helst \u00e5terkalla ditt samtycke f\u00f6r att vi ska kontakta dig f\u00f6r fortsatt insamling, anv\u00e4ndning eller avsl\u00f6jande av din information genom att kontakta oss p\u00e5 contato@appsntech.com<\/p>\n<h2 class=\"wp-block-heading\">Icke-personliga uppgifter <\/h2>\n<p>N\u00e4r anv\u00e4ndare inte efterfr\u00e5gar gratis inneh\u00e5ll fr\u00e5n Top Infoz (e-b\u00f6cker, fr\u00e5gesporter, artiklar, infografik, bland annat), kan sp\u00e5rning och insamling av icke-personliga uppgifter utf\u00f6ras som bland annat visar vilka sidor p\u00e5 webbplatsen som bes\u00f6ktes, n\u00e4r de bes\u00f6ktes, vilka hyperl\u00e4nkar som klickades p\u00e5, vilket inneh\u00e5ll eller vilka tj\u00e4nster som efterfr\u00e5gades eller indikerade, bland annat.<\/p>\n<h2 class=\"wp-block-heading\">Sm\u00e5kakor <\/h2>\n<p>Google, som tredjepartsleverant\u00f6r, anv\u00e4nder cookies f\u00f6r att visa annonser. Med DART-cookien kan Google visa annonser baserade p\u00e5 l\u00e4sarens bes\u00f6k p\u00e5 andra webbplatser p\u00e5 Internet. Anv\u00e4ndare kan v\u00e4lja bort anv\u00e4ndningen av DART-cookien genom att bes\u00f6ka Googles sekretesspolicy f\u00f6r annonser och inneh\u00e5llsn\u00e4tverk.<\/p>\n<p>Top Infoz anv\u00e4nder cookies f\u00f6r att hj\u00e4lpa till med insamling av data och IP (Internet Protocol) identifieringsinformation f\u00f6r att underl\u00e4tta anv\u00e4ndarnavigering, vilket hj\u00e4lper till att garantera s\u00e4kerhet, skydd och \u00e4kthet f\u00f6r data.<\/p>\n<p>Dessutom anv\u00e4nder vi \u00e4ven tredjepartsreklam p\u00e5 v\u00e5r webbplats f\u00f6r att st\u00f6dja underh\u00e5llskostnader. Vissa av dessa annons\u00f6rer kan anv\u00e4nda tekniker som cookies n\u00e4r de annonserar p\u00e5 v\u00e5r webbplats, vilket kommer att g\u00f6ra att dessa annons\u00f6rer (som Google via Google AdSense och Ad Exchange) ocks\u00e5 f\u00e5r din personliga information, s\u00e5som din IP-adress, din internetleverant\u00f6r, din webbl\u00e4sare etc. Den h\u00e4r funktionen anv\u00e4nds vanligtvis f\u00f6r geografisk inriktning (visar annonser som \u00e4r meningsfulla baserat p\u00e5 din geografiska plats).<\/p>\n<p>Anv\u00e4ndaren kan n\u00e4r som helst \u00e4ndra om de vill acceptera cookies eller inte i sina webbl\u00e4sarinst\u00e4llningar, och notera att genom att inaktivera webbl\u00e4sarcookies kan vissa av funktionerna hos Top Infoz f\u00f6rs\u00e4mras.<\/p>\n<h2 class=\"wp-block-heading\">Personligt identifierbar data <\/h2>\n<p>F\u00f6r att f\u00e5 tillg\u00e5ng till gratis inneh\u00e5ll p\u00e5 Top Infoz, s\u00e5som artiklar, e-b\u00f6cker, fr\u00e5gesporter, bland annat, m\u00e5ste anv\u00e4ndaren tillhandah\u00e5lla vissa personligt identifierbara uppgifter, s\u00e5som: e-post och fullst\u00e4ndigt namn.<\/p>\n<p>De personligt identifierbara uppgifterna som behandlas av Top Infoz \u00e4r avsedda att:<\/p>\n<p>\u2013 Korrekt och exakt identifiering av anv\u00e4ndaren, vilket s\u00e4kerst\u00e4ller st\u00f6rre s\u00e4kerhet och skydd f\u00f6r anv\u00e4ndarna sj\u00e4lva;<\/p>\n<p>\u2013 Tillg\u00e5ng till tj\u00e4nster och produkter som tillhandah\u00e5lls av Top Infoz;<\/p>\n<p>\u2013 Analys av anv\u00e4ndarprofilen av Top Infoz i syfte att indikera de b\u00e4sta produkterna och informationen enligt deras verkliga behov och verklighet.<\/p>\n<p>Med sikte p\u00e5 en \u00e4nnu mer exakt analys av anv\u00e4ndarens profil, kan Top Infoz utf\u00f6ra unders\u00f6kningar f\u00f6r att f\u00e5 mer och b\u00e4ttre information om dig och p\u00e5 s\u00e5 s\u00e4tt indikera personliga produkter och tj\u00e4nster i enlighet med varje anv\u00e4ndares preferenser och behov.<\/p>\n<p>P\u00e5 detta s\u00e4tt kan Top Infoz och partnerf\u00f6retag bjuda in anv\u00e4ndare att delta i n\u00f6jdhetsunders\u00f6kningar, d\u00e4r e-postmeddelanden kommer att skickas med n\u00f6dv\u00e4ndiga riktlinjer. De insamlade uppgifterna kommer att anv\u00e4ndas med huvudsyftet att s\u00f6ka f\u00f6rb\u00e4ttringar av de system, produkter, inneh\u00e5ll och tj\u00e4nster som erbjuds av Top Infoz och partnerf\u00f6retag.<\/p>\n<p>Om en anv\u00e4ndare kontaktar oss f\u00f6r att rapportera ett problem, har en fr\u00e5ga eller f\u00e5 support fr\u00e5n oss, samlar vi in och lagrar anv\u00e4ndarens kontaktinformation, samt respektive meddelanden och annan data som beh\u00f6vs f\u00f6r att unders\u00f6ka problemet eller fr\u00e5gan. Dessa data kommer att anv\u00e4ndas f\u00f6r att l\u00f6sa eventuella fr\u00e5gor baserat p\u00e5 den insamlade informationen, klarg\u00f6ra tvivel, korrigera problem och f\u00f6rb\u00e4ttra systemet, vilket ytterligare f\u00f6rb\u00e4ttrar anv\u00e4ndarupplevelsen inom Top Infoz.<\/p>\n<h2 class=\"wp-block-heading\">Om datadelning <\/h2>\n<p>Top Infoz kommer inte att s\u00e4lja information eller personlig information om sina anv\u00e4ndare, men kan komma att dela dem med partnerf\u00f6retag f\u00f6r att ange produkter och tj\u00e4nster som b\u00e4st passar profilen och behoven eller f\u00f6r att tillhandah\u00e5lla produkter och\/eller tj\u00e4nster som efterfr\u00e5gas av Anv\u00e4ndaren.<\/p>\n<p>Top Infoz f\u00f6rbeh\u00e5ller sig r\u00e4tten att bist\u00e5 eller samarbeta med n\u00e5gon r\u00e4ttslig myndighet eller statlig myndighet, och kan dela Anv\u00e4ndares personligt identifierbara data f\u00f6r att: a) etablera eller ut\u00f6va sina juridiska r\u00e4ttigheter; b) skydda sina egenskaper; c) n\u00e4r den anser att dess hj\u00e4lp eller samarbete \u00e4r n\u00f6dv\u00e4ndigt f\u00f6r att skydda dess anv\u00e4ndare, medarbetare, administrat\u00f6rer eller n\u00e5gon person som skadats av \u00e5tg\u00e4rden eller underl\u00e5tenheten.<\/p>\n<h2 class=\"wp-block-heading\">Om r\u00e5 och oinsamlad data <\/h2>\n<p>Top Infoz behandlar inte personuppgifter om barn under 13 (tretton) \u00e5r utan f\u00f6reg\u00e5ende tillst\u00e5nd fr\u00e5n deras f\u00f6r\u00e4ldrar eller v\u00e5rdnadshavare.<\/p>\n<p>Om personuppgifter om barn under 13 (tretton) \u00e5r samlas in och behandlas oavsiktligt utan uttryckligt tillst\u00e5nd fr\u00e5n deras f\u00f6r\u00e4ldrar eller v\u00e5rdnadshavare, kommer Top Infoz att radera all data som samlats in utan f\u00f6reg\u00e5ende meddelande.<\/p>\n<p>Om Anv\u00e4ndaren blir medveten om att vi av misstag har behandlat ett barns data ber vi att de omedelbart kontaktar oss via v\u00e5r e-postadress. <a>contato@appsntech.com<\/a>s\u00e5 att vi kan vidta n\u00f6dv\u00e4ndiga \u00e5tg\u00e4rder.<\/p>","protected":false},"excerpt":{"rendered":"<p>Todas as informa\u00e7\u00f5es recolhidas ser\u00e3o utilizadas para melhorar sua experi\u00eancia dentro do nosso site. As informa\u00e7\u00f5es recolhidas podem incluir o seu nome, email, n\u00famero de telefone e\/ou outros. O uso do Top Infoz pressup\u00f5e a aceita\u00e7\u00e3o deste Acordo de Privacidade. Caso o usu\u00e1rio n\u00e3o concorde, ainda que em parte, com os termos e condi\u00e7\u00f5es contidos &#8230; <a title=\"Sekretesspolicy\" class=\"read-more\" href=\"https:\/\/topinfoz.com\/sv\/politica-de-privacidade\/\" aria-label=\"L\u00e4s mer om Politica de Privacidade\">l\u00e4s mer<\/a><\/p>","protected":false},"author":1,"featured_media":0,"parent":0,"menu_order":0,"comment_status":"closed","ping_status":"closed","template":"","meta":{"footnotes":""},"class_list":["post-47343","page","type-page","status-publish"],"_links":{"self":[{"href":"https:\/\/topinfoz.com\/sv\/wp-json\/wp\/v2\/pages\/47343","targetHints":{"allow":["GET"]}}],"collection":[{"href":"https:\/\/topinfoz.com\/sv\/wp-json\/wp\/v2\/pages"}],"about":[{"href":"https:\/\/topinfoz.com\/sv\/wp-json\/wp\/v2\/types\/page"}],"author":[{"embeddable":true,"href":"https:\/\/topinfoz.com\/sv\/wp-json\/wp\/v2\/users\/1"}],"replies":[{"embeddable":true,"href":"https:\/\/topinfoz.com\/sv\/wp-json\/wp\/v2\/comments?post=47343"}],"version-history":[{"count":2,"href":"https:\/\/topinfoz.com\/sv\/wp-json\/wp\/v2\/pages\/47343\/revisions"}],"predecessor-version":[{"id":47745,"href":"https:\/\/topinfoz.com\/sv\/wp-json\/wp\/v2\/pages\/47343\/revisions\/47745"}],"wp:attachment":[{"href":"https:\/\/topinfoz.com\/sv\/wp-json\/wp\/v2\/media?parent=47343"}],"curies":[{"name":"wp","href":"https:\/\/api.w.org\/{rel}","templated":true}]}}