{"id":47343,"date":"2024-11-05T00:54:52","date_gmt":"2024-11-05T00:54:52","guid":{"rendered":"https:\/\/topinfoz.com\/?page_id=47343"},"modified":"2024-11-12T22:18:59","modified_gmt":"2024-11-12T22:18:59","slug":"politika-zasebnosti","status":"publish","type":"page","link":"https:\/\/topinfoz.com\/sl\/politica-de-privacidade\/","title":{"rendered":"Politika zasebnosti"},"content":{"rendered":"<p>Vse zbrane informacije bomo uporabili za izbolj\u0161anje va\u0161e izku\u0161nje na na\u0161i spletni strani. Zbrani podatki lahko vklju\u010dujejo va\u0161e ime, e-po\u0161to, telefonsko \u0161tevilko in\/ali druge.<\/p>\n<p>Uporaba Top Infoza predpostavlja sprejem te pogodbe o zasebnosti. \u010ce se uporabnik, \u010deprav delno, ne strinja s pogoji, navedenimi v tem pravilniku o zasebnosti, naj ne dostopa in\/ali uporablja vsebine, ki jih ponuja Top Infoz. Uporabnik z uporabo spletnega mesta potrjuje in se v celoti strinja z obdelavo njegovih podatkov, v skladu s pogoji te politike zasebnosti in splo\u0161nimi pogoji uporabe.<\/p>\n<p>Pridr\u017eujemo si pravico do spremembe tega pravilnika o zasebnosti kadar koli, brez soglasja ali obvestila uporabnikov, zato ga redno pregledujte. Spremembe in pojasnila stopijo v veljavo takoj po objavi na spletni strani. \u010ce naredimo bistvene spremembe tega pravilnika, vas bomo tukaj obvestili, da so bili posodobljeni, tako da boste seznanjeni s tem, katere podatke zbiramo, kako jih uporabljamo in v kak\u0161nih okoli\u0161\u010dinah, \u010de obstajajo, uporabljamo in\/ali razkrivamo to.<\/p>\n<p>Top Infoz spo\u0161tuje zasebnost svojih uporabnikov in transparentnost pri uporabi podatkov. Na\u0161a politika zasebnosti je bila pripravljena v skladu z mednarodnimi in nacionalnimi standardi varstva podatkov.<\/p>\n<p>Ta pravilnik o zasebnosti je treba brati in razlagati v povezavi s Splo\u0161nimi pogoji uporabe Top Infoz, ki so na voljo na <a href=\"https:\/\/topinfoz.com\/sl\/pogoji-uporabe\/\">https:\/\/topinfoz.com\/termos-de-uso\/<\/a><\/p>\n<h2 class=\"wp-block-heading\">Splo\u0161ne informacije za uporabnike <\/h2>\n<p>Top Infoz \u017eeli deliti informacije s svojimi uporabniki, tako da je znanje dostopno vsem. Uporabnik lahko brska po spletni strani Top Infoz brez predhodne registracije.<\/p>\n<p>Top Infoz sledi mednarodnim varnostnim normam in standardom pri shranjevanju, za\u0161\u010diti, zasebnosti in prenosu podatkov, pri \u010demer poudarja, da noben na\u010din shranjevanja, za\u0161\u010dite, zasebnosti in prenosa podatkov ni 100% varen in nedotakljiv.<\/p>\n<p>Top Infoz sprejema prakse in tehnologije, ki se nenehno pregledujejo in izbolj\u0161ujejo glede na nacionalni in tuji tehni\u010dni in zakonodajni napredek. Ko govorimo o za\u0161\u010diti, imamo v mislih kakr\u0161en koli nepoobla\u0161\u010den dostop, uporabo, spreminjanje, razkritje ali uni\u010denje va\u0161ih podatkov. Da bi prepre\u010dili, da bi se to zgodilo, vlagamo v ukrepe, ki vklju\u010dujejo \u0161ifrirano komunikacijo, nadzor dostopa, spo\u0161tovanje varnega razvoja programske opreme, notranje politike skladnosti ter ukrepe za odgovornost in zmanj\u0161anje tveganja, ki omogo\u010dajo varnost v \u017eivljenjskem ciklu podatkov. Podatki o uporabnikih so shranjeni tudi v varnih, priznanih in mednarodno priznanih bazah podatkov.<\/p>\n<p>Pod nobenim pogojem Top Infoz ne zahteva vsot denarja za izdajo katere koli vrste izdelka, kakr\u0161en koli \u017ee je. \u010ce se to zgodi, nas takoj obvestite.<\/p>\n<p>Prizadevamo si, da bi bile vse informacije \u010dim bolj a\u017eurne. Vendar velja opozoriti, da se te informacije lahko razlikujejo od informacij na spletnih straneh institucij ali ponudnikov storitev dolo\u010denega spletnega mesta. Ne jam\u010dimo za to\u010dnost ali a\u017eurnost informacij. Vedno preberite pogoje uporabe in pogoje institucij, ki jih izberete. Od ogla\u0161evanja na na\u0161i spletni strani in od na\u0161ih partnerjev prejmemo majhen znesek, ko napotimo uporabnika, ki zahteva izdelek ali ponudbo. Vse, kar objavljamo, temelji na kvantitativnih in kvalitativnih ocenah posameznega izdelka. Omeniti velja, da lahko na\u0161i partnerji neposredno vplivajo na produkte, o katerih pi\u0161emo in ocenjujemo, pa tudi na vrstni red \u00bbnajbolj\u0161ih\u00ab \u010dlankov in pozicioniranje izdelkov na Top Infozu. Glede na koli\u010dino informacij na na\u0161i spletni strani ne zagotavljamo nobene vrste garancije glede kakovosti in aktualnosti informacij; Zato dajemo prednost informacijam na\u0161ih partnerjev.<\/p>\n<p>Za za\u0161\u010dito va\u0161ih osebnih podatkov izvajamo razumne previdnostne ukrepe in sledimo najbolj\u0161im industrijskim praksam, da zagotovimo, da se ne izgubijo, zlorabijo, dostopajo do njih, razkrijejo, spremenijo ali uni\u010dijo.<\/p>\n<h2 class=\"wp-block-heading\">Povezave do spletnih mest tretjih oseb <\/h2>\n<p>Top Infoz ima povezave do drugih spletnih mest, ki po na\u0161em mnenju lahko vsebujejo koristne informacije\/orodja za na\u0161e obiskovalce. Na\u0161 pravilnik o zasebnosti ne velja za spletna mesta tretjih oseb. Nismo odgovorni za politiko zasebnosti ali vsebino na teh istih spletnih mestih. Top Infoz nad njimi nima nikakr\u0161nega nadzora, zato je opro\u0161\u010den vsakr\u0161ne odgovornosti v razmerjih, vzpostavljenih med uporabnikom in izdelki in storitvami tretjih oseb, ogla\u0161evanimi na spletnem mestu.<\/p>\n<p>Ko zapustite na\u0161e spletno mesto ali ste preusmerjeni na spletno mesto ali aplikacijo tretje osebe, vas ta pravilnik o zasebnosti ali pogoji storitve na\u0161ega spletnega mesta ne urejajo ve\u010d.<\/p>\n<p>\u010ce si po prijavi premislite, lahko kadar koli prekli\u010dete svoje soglasje, da stopimo v stik z vami, za nadaljnje zbiranje, uporabo ali razkritje va\u0161ih podatkov, tako da nas kontaktirate na contato@appsntech.com<\/p>\n<h2 class=\"wp-block-heading\">Neosebni podatki <\/h2>\n<p>Ko uporabniki ne zahtevajo brezpla\u010dne vsebine Top Infoz (med drugim e-knjig, kvizov, \u010dlankov, infografik), se lahko sledijo in zbirajo neosebni podatki, ki med drugim navajajo, katere strani spletnega mesta so bile obiskane, kdaj so bili obiskani, katere hiperpovezave so kliknili, katere vsebine ali storitve so bile med drugim zahtevane ali priporo\u010dene.<\/p>\n<h2 class=\"wp-block-heading\">Pi\u0161kotki <\/h2>\n<p>Google kot tretji ponudnik uporablja pi\u0161kotke za prikazovanje oglasov. S pi\u0161kotkom DART lahko Google prikazuje oglase na podlagi va\u0161ih obiskov drugih spletnih mest na internetu. Uporabniki lahko onemogo\u010dijo pi\u0161kotek DART tako, da obi\u0161\u010dejo Googlov pravilnik o zasebnosti oglasov in vsebinskega omre\u017eja.<\/p>\n<p>Top Infoz uporablja pi\u0161kotke za pomo\u010d pri zbiranju podatkov in informacij o identifikaciji IP (internetnega protokola), da olaj\u0161a navigacijo uporabnika, kar pomaga zagotoviti varnost, za\u0161\u010dito in pristnost podatkov.<\/p>\n<p>Poleg tega na na\u0161em spletnem mestu uporabljamo tudi ogla\u0161evanje tretjih oseb za kritje stro\u0161kov vzdr\u017eevanja. Nekateri od teh ogla\u0161evalcev lahko uporabljajo tehnologije, kot so pi\u0161kotki, ko ogla\u0161ujejo na na\u0161i spletni strani, kar pomeni, da bodo ti ogla\u0161evalci (kot je Google prek Google AdSense in Ad Exchange) prejeli tudi va\u0161e osebne podatke, kot so va\u0161 naslov IP, va\u0161 ponudnik internetnih storitev, va\u0161 brskalnik itd. Ta funkcija se obi\u010dajno uporablja za geografsko ciljanje (prikazovanje oglasov, ki so smiselni glede na va\u0161o geografsko lokacijo).<\/p>\n<p>Uporabnik lahko kadar koli spremeni, ali \u017eeli sprejeti pi\u0161kotke v konfiguraciji svojega brskalnika, pri \u010demer upo\u0161teva, da so lahko z deaktiviranjem navigacijskih pi\u0161kotkov nekatere funkcionalnosti Top Infoza okrnjene.<\/p>\n<h2 class=\"wp-block-heading\">Osebno dolo\u010dljivi podatki <\/h2>\n<p>Za dostop do brezpla\u010dne vsebine na Top Infoz, kot so med drugim \u010dlanki, e-knjige, kvizi, mora uporabnik posredovati nekaj dolo\u010dljivih osebnih podatkov, in sicer: e-po\u0161to in polno ime.<\/p>\n<p>Nameni dolo\u010dljivih osebnih podatkov, ki jih obdeluje Top Infoz, so:<\/p>\n<p>\u2013 Pravilna in natan\u010dna identifikacija Uporabnika, s \u010dimer je zagotovljena ve\u010dja varnost in za\u0161\u010dita samih Uporabnikov;<\/p>\n<p>\u2013 Dostop do storitev in izdelkov, ki jih ponuja Top Infoz;<\/p>\n<p>\u2013 Analiza uporabni\u0161kih profilov s strani Top Infoza z namenom iskanja najbolj\u0161ih izdelkov in informacij glede na njihove resni\u010dne potrebe in realnost.<\/p>\n<p>Z namenom \u0161e natan\u010dnej\u0161e analize uporabnikovega profila lahko Top Infoz izvede raziskavo, s katero pridobi ve\u010d in bolj\u0161e podatke o vas ter tako navede personalizirane izdelke in storitve glede na preference in potrebe posameznega uporabnika.<\/p>\n<p>Na ta na\u010din bodo Top Infoz in partnerska podjetja lahko povabili uporabnike k sodelovanju v anketah o zadovoljstvu, kjer bodo poslana elektronska sporo\u010dila s potrebnimi navodili. Zbrani podatki bodo uporabljeni z glavnim namenom iskanja izbolj\u0161av sistemov, izdelkov, vsebin in storitev, ki jih ponuja Top Infoz in partnerska podjetja.<\/p>\n<p>\u010ce se uporabnik obrne na nas, da bi prijavil te\u017eavo, vpra\u0161anje ali pridobil podporo, zbiramo in hranimo uporabnikove kontaktne podatke ter ustrezna sporo\u010dila in druge podatke, potrebne za preiskavo te\u017eave ali vpra\u0161anja. Ti podatki bodo uporabljeni za re\u0161evanje kakr\u0161nih koli poizvedb na podlagi zbranih informacij, re\u0161evanje dvomov, odpravljanje te\u017eav in izbolj\u0161anje sistema, kar bo dodatno izbolj\u0161alo uporabni\u0161ko izku\u0161njo znotraj Top Infoza.<\/p>\n<h2 class=\"wp-block-heading\">O deljenju podatkov <\/h2>\n<p>Top Infoz ne bo prodajal informacij ali osebnih podatkov svojih uporabnikov, lahko pa jih deli s partnerskimi podjetji z namenom, da navedejo izdelke in storitve, ki najbolj ustrezajo njihovemu profilu in potrebam, ali da zagotovijo izdelke in\/ali storitve, ki jih zahteva uporabnik. .<\/p>\n<p>Top Infoz si pridr\u017euje pravico do pomo\u010di ali sodelovanja s katerim koli sodnim organom ali vladnim organom in lahko posreduje osebne identifikacijske podatke uporabnikov z namenom: a) vzpostavitve ali uveljavljanja njihovih zakonskih pravic; b) varujejo svoje lastnine; c) ko menite, da je va\u0161a pomo\u010d ali sodelovanje potrebno za za\u0161\u010dito va\u0161ih uporabnikov, sodelavcev, skrbnikov ali kogarkoli, ki je o\u0161kodovan zaradi dejanja ali opustitve.<\/p>\n<h2 class=\"wp-block-heading\">O neobdelanih in nezbranih podatkih <\/h2>\n<p>Top Infoz ne obdeluje osebnih podatkov otrok, mlaj\u0161ih od 13 (trinajst) let, brez predhodnega dovoljenja star\u0161ev ali zakonitih skrbnikov.<\/p>\n<p>\u010ce se osebni podatki otrok, mlaj\u0161ih od 13 (trinajst) let, zbirajo in obdelujejo brez izrecnega dovoljenja njihovih star\u0161ev ali zakonitih skrbnikov, bo Top Infoz vse zbrane podatke izbrisal brez predhodnega obvestila .<\/p>\n<p>\u010ce uporabnik izve, da smo pomotoma obdelovali otrokove podatke, prosimo, da nas nemudoma kontaktira preko elektronske po\u0161te. <a>contato@appsntech.com<\/a>, da lahko sprejmemo potrebne ukrepe.<\/p>","protected":false},"excerpt":{"rendered":"<p>Todas as informa\u00e7\u00f5es recolhidas ser\u00e3o utilizadas para melhorar sua experi\u00eancia dentro do nosso site. As informa\u00e7\u00f5es recolhidas podem incluir o seu nome, email, n\u00famero de telefone e\/ou outros. O uso do Top Infoz pressup\u00f5e a aceita\u00e7\u00e3o deste Acordo de Privacidade. Caso o usu\u00e1rio n\u00e3o concorde, ainda que em parte, com os termos e condi\u00e7\u00f5es contidos &#8230; <a title=\"Politika zasebnosti\" class=\"read-more\" href=\"https:\/\/topinfoz.com\/sl\/politica-de-privacidade\/\" aria-label=\"Read more about Politica de Privacidade\">preberi ve\u010d<\/a><\/p>","protected":false},"author":1,"featured_media":0,"parent":0,"menu_order":0,"comment_status":"closed","ping_status":"closed","template":"","meta":{"footnotes":""},"class_list":["post-47343","page","type-page","status-publish"],"_links":{"self":[{"href":"https:\/\/topinfoz.com\/sl\/wp-json\/wp\/v2\/pages\/47343","targetHints":{"allow":["GET"]}}],"collection":[{"href":"https:\/\/topinfoz.com\/sl\/wp-json\/wp\/v2\/pages"}],"about":[{"href":"https:\/\/topinfoz.com\/sl\/wp-json\/wp\/v2\/types\/page"}],"author":[{"embeddable":true,"href":"https:\/\/topinfoz.com\/sl\/wp-json\/wp\/v2\/users\/1"}],"replies":[{"embeddable":true,"href":"https:\/\/topinfoz.com\/sl\/wp-json\/wp\/v2\/comments?post=47343"}],"version-history":[{"count":2,"href":"https:\/\/topinfoz.com\/sl\/wp-json\/wp\/v2\/pages\/47343\/revisions"}],"predecessor-version":[{"id":47745,"href":"https:\/\/topinfoz.com\/sl\/wp-json\/wp\/v2\/pages\/47343\/revisions\/47745"}],"wp:attachment":[{"href":"https:\/\/topinfoz.com\/sl\/wp-json\/wp\/v2\/media?parent=47343"}],"curies":[{"name":"delovni list","href":"https:\/\/api.w.org\/{rel}","templated":true}]}}