{"id":47341,"date":"2024-11-05T00:53:27","date_gmt":"2024-11-05T00:53:27","guid":{"rendered":"https:\/\/topinfoz.com\/?page_id=47341"},"modified":"2024-11-12T22:19:21","modified_gmt":"2024-11-12T22:19:21","slug":"pogoji-uporabe","status":"publish","type":"page","link":"https:\/\/topinfoz.com\/sl\/termos-de-uso\/","title":{"rendered":"Pogoji uporabe"},"content":{"rendered":"<h2 class=\"wp-block-heading\">Top Infoz Pogoji uporabe<\/h2>\n<p>Z dostopom do spletnega mesta Top Infoz se strinjate, da vas zavezujejo ti pogoji storitve, vsi veljavni zakoni in predpisi ter se strinjate, da ste odgovorni za skladnost z vsemi veljavnimi lokalnimi zakoni. \u010ce se ne strinjate s katerim od teh pogojev, vam je prepovedana uporaba ali dostop do tega mesta. Gradivo na tem spletnem mestu je za\u0161\u010diteno z veljavno zakonodajo o avtorskih pravicah in blagovnih znamkah.<\/p>\n<h2 class=\"wp-block-heading\">Uporaba licence<\/h2>\n<p>Dovoljen je za\u010dasen prenos ene kopije materialov (informacij ali programske opreme) s spletne strani Top Infoz samo za osebni, nekomercialni prehodni ogled. To je podelitev licence, ne prenos lastninske pravice, in v skladu s to licenco ne smete:<\/p>\n<ul class=\"wp-block-list\">\n<li>spreminjati ali kopirati materiale;<\/li>\n<li>uporabljati materiale za kakr\u0161ne koli komercialne namene ali za javno prikazovanje (komercialno ali nekomercialno);<\/li>\n<li>poskus dekompilacije ali obratnega in\u017eeniringa katere koli programske opreme, ki je na spletnem mestu Top Infoz;<\/li>\n<li>odstraniti morebitne avtorske ali druge lastni\u0161ke oznake iz materialov; oz<\/li>\n<li>prenesti materiale na drugo osebo ali &#039;zrcaliti&#039; materiale na katerem koli drugem stre\u017eniku. Ta licenca samodejno preneha veljati, \u010de kr\u0161ite katero od teh omejitev in jo lahko Top Infoz kadar koli prekine. Po prekinitvi ogledovanja teh gradiv ali po prekinitvi te licence morate izbrisati vsa prenesena gradiva, ki jih imate v elektronski ali tiskani obliki.<\/li>\n<\/ul>\n<h2 class=\"wp-block-heading\">Zavrnitev odgovornosti<\/h2>\n<p>Gradiva na spletnem mestu Top Infoz so na voljo &quot;tak\u0161na, kot so&quot;. Top Infoz ne daje nobenih jamstev, izrecnih ali implicitnih, in s tem zavra\u010da in zanika vsa druga jamstva, vklju\u010dno, brez omejitev, implicitnih jamstev ali pogojev primernosti za prodajo, primernosti za dolo\u010den namen ali nekr\u0161itve intelektualne lastnine ali druge kr\u0161itve pravic.<\/p>\n<p>Poleg tega Top Infoz ne jam\u010di ali daje nobenih izjav v zvezi s to\u010dnostjo, verjetnimi rezultati ali zanesljivostjo uporabe materialov na svoji spletni strani ali kako druga\u010de povezanih s tak\u0161nimi gradivi ali na katerem koli mestu, povezanem s tem mestom.<\/p>\n<h2 class=\"wp-block-heading\">Omejitve<\/h2>\n<p>Top Infoz ali njegovi dobavitelji v nobenem primeru niso odgovorni za kakr\u0161no koli \u0161kodo (vklju\u010dno, brez omejitev, \u0161kodo zaradi izgube podatkov ali dobi\u010dka ali zaradi prekinitve poslovanja), ki bi nastala zaradi uporabe ali nezmo\u017enosti uporabe materialov na spletni strani Top Infoz, tudi \u010de je bil Top Infoz ali poobla\u0161\u010deni zastopnik Top Infoza ustno ali pisno obve\u0161\u010den o mo\u017enosti nastanka tak\u0161ne \u0161kode. Ker nekatere jurisdikcije ne dovoljujejo omejitev implicitnih jamstev ali omejitev odgovornosti za posledi\u010dno ali naklju\u010dno \u0161kodo, te omejitve morda ne veljajo za vas.<\/p>\n<h2 class=\"wp-block-heading\">Natan\u010dnost materialov<\/h2>\n<p>Gradiva, ki se pojavljajo na spletni strani Top Infoz, lahko vklju\u010dujejo tehni\u010dne, tipkarske ali fotografske napake. Top Infoz ne jam\u010di, da so materiali na njegovi spletni strani to\u010dni, popolni ali aktualni. Top Infoz lahko kadar koli brez predhodnega obvestila spremeni gradiva na svoji spletni strani. Vendar se Top Infoz ne zavezuje, da bo gradivo posodabljal.<\/p>\n<h2 class=\"wp-block-heading\">Povezave<\/h2>\n<p>Top Infoz ni pregledal vseh spletnih mest, povezanih z njegovo spletno stranjo, in ne odgovarja za vsebino katere koli povezane strani. Vklju\u010ditev katere koli povezave ne pomeni, da Top Infoz podpira spletno mesto. Uporaba katere koli povezane strani je na lastno odgovornost uporabnika.<\/p>\n<h2 class=\"wp-block-heading\">Spremembe<\/h2>\n<p>Top Infoz lahko te pogoje storitve za svoje spletno mesto kadar koli spremeni brez predhodnega obvestila. Z uporabo te spletne strani se strinjate, da vas zavezuje trenutna razli\u010dica teh pogojev storitve.<\/p>\n<p>Veljavno pravo Ta dolo\u010dila in pogoje urejajo zakoni Top Infoz in se razlagajo v skladu z njimi, vi pa se nepreklicno podrejate izklju\u010dni pristojnosti sodi\u0161\u010d v tej dr\u017eavi ali na tej lokaciji.<\/p>\n<h2 id=\"lei-aplicavel\" class=\"wp-block-heading\">Veljavno pravo<\/h2>\n<p>Ta dolo\u010dila in pogoji so urejeni in razlo\u017eeni v skladu z zakoni Top Infoza, vi pa se nepreklicno podrejate izklju\u010dni pristojnosti sodi\u0161\u010d v tej dr\u017eavi ali na lokaciji.<\/p>","protected":false},"excerpt":{"rendered":"<p>Termos de Uso do Top Infoz Ao acessar ao site Top Infoz, concorda em cumprir estes termos de servi\u00e7o, todas as leis e regulamentos aplic\u00e1veis e concorda que \u00e9 respons\u00e1vel pelo cumprimento de todas as leis locais aplic\u00e1veis. Se voc\u00ea n\u00e3o concordar com algum desses termos, est\u00e1 proibido de usar ou acessar este site. Os &#8230; <a title=\"Pogoji uporabe\" class=\"read-more\" href=\"https:\/\/topinfoz.com\/sl\/termos-de-uso\/\" aria-label=\"Read more about Termos de Uso\">preberi ve\u010d<\/a><\/p>","protected":false},"author":1,"featured_media":0,"parent":0,"menu_order":0,"comment_status":"closed","ping_status":"closed","template":"","meta":{"footnotes":""},"class_list":["post-47341","page","type-page","status-publish"],"_links":{"self":[{"href":"https:\/\/topinfoz.com\/sl\/wp-json\/wp\/v2\/pages\/47341","targetHints":{"allow":["GET"]}}],"collection":[{"href":"https:\/\/topinfoz.com\/sl\/wp-json\/wp\/v2\/pages"}],"about":[{"href":"https:\/\/topinfoz.com\/sl\/wp-json\/wp\/v2\/types\/page"}],"author":[{"embeddable":true,"href":"https:\/\/topinfoz.com\/sl\/wp-json\/wp\/v2\/users\/1"}],"replies":[{"embeddable":true,"href":"https:\/\/topinfoz.com\/sl\/wp-json\/wp\/v2\/comments?post=47341"}],"version-history":[{"count":2,"href":"https:\/\/topinfoz.com\/sl\/wp-json\/wp\/v2\/pages\/47341\/revisions"}],"predecessor-version":[{"id":47746,"href":"https:\/\/topinfoz.com\/sl\/wp-json\/wp\/v2\/pages\/47341\/revisions\/47746"}],"wp:attachment":[{"href":"https:\/\/topinfoz.com\/sl\/wp-json\/wp\/v2\/media?parent=47341"}],"curies":[{"name":"delovni list","href":"https:\/\/api.w.org\/{rel}","templated":true}]}}