{"id":47341,"date":"2024-11-05T00:53:27","date_gmt":"2024-11-05T00:53:27","guid":{"rendered":"https:\/\/topinfoz.com\/?page_id=47341"},"modified":"2024-11-12T22:19:21","modified_gmt":"2024-11-12T22:19:21","slug":"conditions-dutilisation","status":"publish","type":"page","link":"https:\/\/topinfoz.com\/fr_ca\/termos-de-uso\/","title":{"rendered":"Conditions d&#039;utilisation"},"content":{"rendered":"<h2 class=\"wp-block-heading\">Conditions d&#039;utilisation de Top Infoz<\/h2>\n<p>En acc\u00e9dant au site web Top Infoz, vous acceptez de vous conformer aux pr\u00e9sentes conditions d&#039;utilisation, \u00e0 toutes les lois et r\u00e9glementations applicables, et reconnaissez \u00eatre responsable du respect de toutes les lois locales applicables. Si vous n&#039;acceptez pas l&#039;une de ces conditions, il vous est interdit d&#039;utiliser ou d&#039;acc\u00e9der \u00e0 ce site web. Les \u00e9l\u00e9ments contenus dans ce site web sont prot\u00e9g\u00e9s par les lois applicables en mati\u00e8re de droit d&#039;auteur et de marques.<\/p>\n<h2 class=\"wp-block-heading\">Licence d&#039;utilisation<\/h2>\n<p>Vous \u00eates autoris\u00e9 \u00e0 t\u00e9l\u00e9charger temporairement une copie des documents (informations ou logiciels) du site web Top Infoz, \u00e0 des fins de consultation personnelle et non commerciale. Il s&#039;agit d&#039;une concession de licence, et non d&#039;un transfert de propri\u00e9t\u00e9. En vertu de cette licence, vous ne pouvez pas\u00a0:<\/p>\n<ul class=\"wp-block-list\">\n<li>modifier ou copier les documents ;<\/li>\n<li>utiliser les mat\u00e9riaux \u00e0 des fins commerciales ou pour toute exposition publique (commerciale ou non commerciale)\u00a0;<\/li>\n<li>tenter de d\u00e9compiler ou de proc\u00e9der \u00e0 une ing\u00e9nierie inverse de tout logiciel contenu sur le site Web Top Infoz\u00a0;<\/li>\n<li>supprimer tout droit d&#039;auteur ou autre mention de propri\u00e9t\u00e9 des documents\u00a0; ou<\/li>\n<li>Transf\u00e9rez les contenus \u00e0 une autre personne ou reproduisez-les sur un autre serveur. Cette licence sera automatiquement r\u00e9sili\u00e9e en cas de violation de ces restrictions et Top Infoz peut la r\u00e9silier \u00e0 tout moment. D\u00e8s la fin de la consultation de ces contenus ou de la r\u00e9siliation de cette licence, vous devrez d\u00e9truire tous les contenus t\u00e9l\u00e9charg\u00e9s en votre possession, qu&#039;ils soient \u00e9lectroniques ou imprim\u00e9s.<\/li>\n<\/ul>\n<h2 class=\"wp-block-heading\">Clause de non-responsabilit\u00e9<\/h2>\n<p>Les \u00e9l\u00e9ments du site web Top Infoz sont fournis \u00ab\u00a0en l&#039;\u00e9tat\u00a0\u00bb. Top Infoz n&#039;offre aucune garantie, expresse ou implicite, et d\u00e9cline par la pr\u00e9sente toute autre garantie, y compris, sans s&#039;y limiter, les garanties ou conditions implicites de qualit\u00e9 marchande, d&#039;ad\u00e9quation \u00e0 un usage particulier, de non-violation de propri\u00e9t\u00e9 intellectuelle ou autre violation de droits.<\/p>\n<p>De plus, Top Infoz ne garantit ni ne fait aucune d\u00e9claration concernant l&#039;exactitude, les r\u00e9sultats probables ou la fiabilit\u00e9 de l&#039;utilisation des mat\u00e9riaux sur son site Web ou autrement li\u00e9s \u00e0 ces mat\u00e9riaux ou sur des sites Web li\u00e9s \u00e0 ce site Web.<\/p>\n<h2 class=\"wp-block-heading\">Limites<\/h2>\n<p>Top Infoz et ses fournisseurs ne sauraient en aucun cas \u00eatre tenus responsables des dommages (y compris, sans limitation, les dommages pour perte de donn\u00e9es ou de profit, ou pour interruption d&#039;activit\u00e9) r\u00e9sultant de l&#039;utilisation ou de l&#039;impossibilit\u00e9 d&#039;utiliser les ressources de Top Infoz, m\u00eame si Top Infoz ou un repr\u00e9sentant autoris\u00e9 de Top Infoz a \u00e9t\u00e9 inform\u00e9 oralement ou par \u00e9crit de la possibilit\u00e9 de tels dommages. Certaines juridictions n&#039;autorisant pas les limitations de garanties implicites ni les limitations de responsabilit\u00e9 pour les dommages indirects ou accessoires, ces limitations peuvent ne pas s&#039;appliquer \u00e0 votre cas.<\/p>\n<h2 class=\"wp-block-heading\">Pr\u00e9cision des mat\u00e9riaux<\/h2>\n<p>Les informations pr\u00e9sent\u00e9es sur le site web de Top Infoz peuvent contenir des erreurs techniques, typographiques ou photographiques. Top Infoz ne garantit pas l&#039;exactitude, l&#039;exhaustivit\u00e9 ou l&#039;actualit\u00e9 des informations pr\u00e9sent\u00e9es sur son site. Top Infoz se r\u00e9serve le droit de modifier les informations contenues sur son site web \u00e0 tout moment et sans pr\u00e9avis. Cependant, Top Infoz ne s&#039;engage pas \u00e0 les mettre \u00e0 jour.<\/p>\n<h2 class=\"wp-block-heading\">Links<\/h2>\n<p>Top Infoz n&#039;a pas examin\u00e9 tous les sites li\u00e9s \u00e0 son site web et d\u00e9cline toute responsabilit\u00e9 quant \u00e0 leur contenu. L&#039;inclusion d&#039;un lien n&#039;implique pas l&#039;approbation de Top Infoz. L&#039;utilisation de tout site li\u00e9 se fait aux risques et p\u00e9rils de l&#039;utilisateur.<\/p>\n<h2 class=\"wp-block-heading\">Modifications<\/h2>\n<p>Top Infoz se r\u00e9serve le droit de modifier les pr\u00e9sentes conditions d&#039;utilisation du site web \u00e0 tout moment et sans pr\u00e9avis. En utilisant ce site web, vous acceptez d&#039;\u00eatre li\u00e9 par la version en vigueur des pr\u00e9sentes conditions d&#039;utilisation.<\/p>\n<p>Loi applicable Ces termes et conditions sont r\u00e9gis et interpr\u00e9t\u00e9s conform\u00e9ment aux lois de Top Infoz et vous vous soumettez irr\u00e9vocablement \u00e0 la juridiction exclusive des tribunaux de cet \u00c9tat ou de cet endroit.<\/p>\n<h2 id=\"lei-aplicavel\" class=\"wp-block-heading\">Loi applicable<\/h2>\n<p>Ces termes et conditions sont r\u00e9gis et interpr\u00e9t\u00e9s conform\u00e9ment aux lois de Top Infoz et vous vous soumettez irr\u00e9vocablement \u00e0 la juridiction exclusive des tribunaux de cet \u00c9tat ou de cet endroit.<\/p>","protected":false},"excerpt":{"rendered":"<p>Termos de Uso do Top Infoz Ao acessar ao site Top Infoz, concorda em cumprir estes termos de servi\u00e7o, todas as leis e regulamentos aplic\u00e1veis e concorda que \u00e9 respons\u00e1vel pelo cumprimento de todas as leis locais aplic\u00e1veis. Se voc\u00ea n\u00e3o concordar com algum desses termos, est\u00e1 proibido de usar ou acessar este site. Os &#8230; <a title=\"Conditions d&#039;utilisation\" class=\"read-more\" href=\"https:\/\/topinfoz.com\/fr_ca\/termos-de-uso\/\" aria-label=\"Read more about Termos de Uso\">En savoir plus<\/a><\/p>","protected":false},"author":1,"featured_media":0,"parent":0,"menu_order":0,"comment_status":"closed","ping_status":"closed","template":"","meta":{"footnotes":""},"class_list":["post-47341","page","type-page","status-publish"],"_links":{"self":[{"href":"https:\/\/topinfoz.com\/fr_ca\/wp-json\/wp\/v2\/pages\/47341","targetHints":{"allow":["GET"]}}],"collection":[{"href":"https:\/\/topinfoz.com\/fr_ca\/wp-json\/wp\/v2\/pages"}],"about":[{"href":"https:\/\/topinfoz.com\/fr_ca\/wp-json\/wp\/v2\/types\/page"}],"author":[{"embeddable":true,"href":"https:\/\/topinfoz.com\/fr_ca\/wp-json\/wp\/v2\/users\/1"}],"replies":[{"embeddable":true,"href":"https:\/\/topinfoz.com\/fr_ca\/wp-json\/wp\/v2\/comments?post=47341"}],"version-history":[{"count":2,"href":"https:\/\/topinfoz.com\/fr_ca\/wp-json\/wp\/v2\/pages\/47341\/revisions"}],"predecessor-version":[{"id":47746,"href":"https:\/\/topinfoz.com\/fr_ca\/wp-json\/wp\/v2\/pages\/47341\/revisions\/47746"}],"wp:attachment":[{"href":"https:\/\/topinfoz.com\/fr_ca\/wp-json\/wp\/v2\/media?parent=47341"}],"curies":[{"name":"wp","href":"https:\/\/api.w.org\/{rel}","templated":true}]}}