{"id":47347,"date":"2024-11-05T00:56:12","date_gmt":"2024-11-05T00:56:12","guid":{"rendered":"https:\/\/topinfoz.com\/?page_id=47347"},"modified":"2024-11-12T22:19:36","modified_gmt":"2024-11-12T22:19:36","slug":"qui-nous-sommes","status":"publish","type":"page","link":"https:\/\/topinfoz.com\/fr_be\/quem-somos\/","title":{"rendered":"Qui nous sommes"},"content":{"rendered":"<p>Top Infoz est un site web technologique cr\u00e9\u00e9 en 2024. Il a pour objectif de fournir des informations et des conseils sur les applications, la finance et d&#039;autres sujets li\u00e9s au monde num\u00e9rique. Nous sommes convaincus que la technologie est un outil puissant pour transformer les vies et les entreprises, et nous souhaitons aider nos lecteurs \u00e0 rester inform\u00e9s et \u00e0 exploiter pleinement ces outils.<\/p>\n\n\n\n<p>Sur Top Infoz, vous trouverez des articles et des tutoriels r\u00e9dig\u00e9s par des experts en technologie, ainsi que des avis et analyses sur nos produits et services. Nous vous proposons \u00e9galement des conseils et astuces pour optimiser vos appareils et applications mobiles.<\/p>\n\n\n\n<p>Notre \u00e9quipe est compos\u00e9e d&#039;experts en technologie, de journalistes et de r\u00e9dacteurs, tous engag\u00e9s \u00e0 fournir un contenu pr\u00e9cis et de haute qualit\u00e9 \u00e0 nos lecteurs. Nous sommes convaincus que la technologie est un outil puissant pour transformer les vies et les entreprises, et notre objectif est d&#039;aider nos lecteurs \u00e0 rester inform\u00e9s et \u00e0 exploiter pleinement ces outils.<\/p>\n\n\n\n<p>Outre le contenu, nous offrons \u00e9galement \u00e0 nos lecteurs la possibilit\u00e9 d&#039;\u00e9changer avec d&#039;autres passionn\u00e9s de technologie via nos r\u00e9seaux sociaux et nos forums de discussion. Nous accordons une grande importance \u00e0 leurs avis et sommes toujours ouverts \u00e0 leurs suggestions et commentaires pour am\u00e9liorer nos services.<\/p>\n\n\n\n<p>Suivez-nous et restez inform\u00e9 des derni\u00e8res tendances et actualit\u00e9s technologiques. Merci de votre visite et \u00e0 bient\u00f4t\u00a0!<\/p>","protected":false},"excerpt":{"rendered":"<p>O Top Infoz \u00e9 um site de tecnologia criado em 2024 com o objetivo de fornecer informa\u00e7\u00f5es e dicas sobre aplicativos, finan\u00e7as e outros assuntos relacionados ao mundo digital. N\u00f3s acreditamos que a tecnologia \u00e9 uma ferramenta poderosa para transformar vidas e empresas, e queremos ajudar nossos leitores a se manterem atualizados e aproveitar ao &#8230; <a title=\"Qui nous sommes\" class=\"read-more\" href=\"https:\/\/topinfoz.com\/fr_be\/quem-somos\/\" aria-label=\"Read more about Quem somos\">En savoir plus<\/a><\/p>","protected":false},"author":1,"featured_media":0,"parent":0,"menu_order":0,"comment_status":"closed","ping_status":"closed","template":"","meta":{"footnotes":""},"class_list":["post-47347","page","type-page","status-publish"],"_links":{"self":[{"href":"https:\/\/topinfoz.com\/fr_be\/wp-json\/wp\/v2\/pages\/47347","targetHints":{"allow":["GET"]}}],"collection":[{"href":"https:\/\/topinfoz.com\/fr_be\/wp-json\/wp\/v2\/pages"}],"about":[{"href":"https:\/\/topinfoz.com\/fr_be\/wp-json\/wp\/v2\/types\/page"}],"author":[{"embeddable":true,"href":"https:\/\/topinfoz.com\/fr_be\/wp-json\/wp\/v2\/users\/1"}],"replies":[{"embeddable":true,"href":"https:\/\/topinfoz.com\/fr_be\/wp-json\/wp\/v2\/comments?post=47347"}],"version-history":[{"count":2,"href":"https:\/\/topinfoz.com\/fr_be\/wp-json\/wp\/v2\/pages\/47347\/revisions"}],"predecessor-version":[{"id":47747,"href":"https:\/\/topinfoz.com\/fr_be\/wp-json\/wp\/v2\/pages\/47347\/revisions\/47747"}],"wp:attachment":[{"href":"https:\/\/topinfoz.com\/fr_be\/wp-json\/wp\/v2\/media?parent=47347"}],"curies":[{"name":"wp","href":"https:\/\/api.w.org\/{rel}","templated":true}]}}