{"id":47341,"date":"2024-11-05T00:53:27","date_gmt":"2024-11-05T00:53:27","guid":{"rendered":"https:\/\/topinfoz.com\/?page_id=47341"},"modified":"2024-11-12T22:19:21","modified_gmt":"2024-11-12T22:19:21","slug":"condiciones-de-uso","status":"publish","type":"page","link":"https:\/\/topinfoz.com\/es_co\/termos-de-uso\/","title":{"rendered":"Condiciones de uso"},"content":{"rendered":"<h2 class=\"wp-block-heading\">Condiciones de uso de Top Infoz<\/h2>\n<p>Al acceder al sitio web de Top Infoz, usted acepta cumplir con estos t\u00e9rminos de servicio, todas las leyes y regulaciones aplicables, y se responsabiliza del cumplimiento de todas las leyes locales aplicables. Si no acepta alguno de estos t\u00e9rminos, se le proh\u00edbe usar o acceder a este sitio. Los materiales contenidos en este sitio web est\u00e1n protegidos por las leyes de derechos de autor y marcas registradas aplicables.<\/p>\n<h2 class=\"wp-block-heading\">Licencia de uso<\/h2>\n<p>Se concede permiso para descargar temporalmente una copia de los materiales (informaci\u00f3n o software) del sitio web de Top Infoz, \u00fanicamente para su visualizaci\u00f3n transitoria personal y no comercial. Esta licencia constituye una concesi\u00f3n de licencia, no una transferencia de titularidad, y bajo esta licencia usted no podr\u00e1:<\/p>\n<ul class=\"wp-block-list\">\n<li>modificar o copiar los materiales;<\/li>\n<li>utilizar los materiales para cualquier prop\u00f3sito comercial o para cualquier exhibici\u00f3n p\u00fablica (comercial o no comercial);<\/li>\n<li>intentar descompilar o realizar ingenier\u00eda inversa a cualquier software contenido en el sitio web de Top Infoz;<\/li>\n<li>eliminar cualquier derecho de autor u otras notaciones de propiedad de los materiales; o<\/li>\n<li>No transferir los materiales a otra persona ni replicarlos en ning\u00fan otro servidor. Esta licencia se rescindir\u00e1 autom\u00e1ticamente si usted infringe cualquiera de estas restricciones y Top Infoz podr\u00e1 rescindirla en cualquier momento. Al finalizar la visualizaci\u00f3n de estos materiales o al rescindirse esta licencia, deber\u00e1 destruir cualquier material descargado que tenga en su poder, ya sea en formato electr\u00f3nico o impreso.<\/li>\n<\/ul>\n<h2 class=\"wp-block-heading\">Descargo de responsabilidad<\/h2>\n<p>Los materiales del sitio web de Top Infoz se proporcionan &quot;tal cual&quot;. Top Infoz no ofrece garant\u00edas, expresas ni impl\u00edcitas, y por la presente renuncia y niega cualquier otra garant\u00eda, incluyendo, entre otras, las garant\u00edas o condiciones impl\u00edcitas de comerciabilidad, idoneidad para un fin determinado o no infracci\u00f3n de la propiedad intelectual u otra violaci\u00f3n de derechos.<\/p>\n<p>Adem\u00e1s, Top Infoz no garantiza ni hace ninguna declaraci\u00f3n sobre la precisi\u00f3n, los resultados probables o la confiabilidad del uso de los materiales en su sitio web o de otro modo relacionados con dichos materiales o en cualquier sitio vinculado a este sitio.<\/p>\n<h2 class=\"wp-block-heading\">Limitaciones<\/h2>\n<p>En ning\u00fan caso Top Infoz ni sus proveedores ser\u00e1n responsables de ning\u00fan da\u00f1o (incluyendo, sin limitaci\u00f3n, da\u00f1os por p\u00e9rdida de datos o beneficios, o debido a la interrupci\u00f3n del negocio) que surja del uso o la imposibilidad de usar los materiales del sitio web de Top Infoz, incluso si Top Infoz o un representante autorizado de Top Infoz ha sido notificado oralmente o por escrito de la posibilidad de dicho da\u00f1o. Dado que algunas jurisdicciones no permiten limitaciones a las garant\u00edas impl\u00edcitas ni limitaciones de responsabilidad por da\u00f1os consecuentes o incidentales, es posible que estas limitaciones no le sean aplicables.<\/p>\n<h2 class=\"wp-block-heading\">Precisi\u00f3n de los materiales<\/h2>\n<p>Los materiales publicados en el sitio web de Top Infoz pueden contener errores t\u00e9cnicos, tipogr\u00e1ficos o fotogr\u00e1ficos. Top Infoz no garantiza la exactitud, integridad ni actualidad del material de su sitio web. Top Infoz podr\u00e1 modificar los materiales de su sitio web en cualquier momento sin previo aviso. Sin embargo, Top Infoz no se compromete a actualizarlos.<\/p>\n<h2 class=\"wp-block-heading\">Campo de golf<\/h2>\n<p>Top Infoz no ha revisado todos los sitios enlazados a su sitio web y no se responsabiliza del contenido de ninguno de ellos. La inclusi\u00f3n de un enlace no implica la aprobaci\u00f3n del sitio por parte de Top Infoz. El uso de dichos sitios web enlazados es bajo la propia responsabilidad del usuario.<\/p>\n<h2 class=\"wp-block-heading\">Modificaciones<\/h2>\n<p>Top Infoz podr\u00e1 modificar estas condiciones de servicio de su sitio web en cualquier momento sin previo aviso. Al utilizar este sitio web, usted acepta la versi\u00f3n vigente de estas condiciones de servicio.<\/p>\n<p>Ley aplicable Estos t\u00e9rminos y condiciones se rigen e interpretan de conformidad con las leyes de Top Infoz y usted se somete irrevocablemente a la jurisdicci\u00f3n exclusiva de los tribunales de ese estado o ubicaci\u00f3n.<\/p>\n<h2 id=\"lei-aplicavel\" class=\"wp-block-heading\">Ley aplicable<\/h2>\n<p>Estos t\u00e9rminos y condiciones se rigen e interpretan de conformidad con las leyes de Top Infoz y usted se somete irrevocablemente a la jurisdicci\u00f3n exclusiva de los tribunales de ese estado o ubicaci\u00f3n.<\/p>","protected":false},"excerpt":{"rendered":"<p>Termos de Uso do Top Infoz Ao acessar ao site Top Infoz, concorda em cumprir estes termos de servi\u00e7o, todas as leis e regulamentos aplic\u00e1veis e concorda que \u00e9 respons\u00e1vel pelo cumprimento de todas as leis locais aplic\u00e1veis. Se voc\u00ea n\u00e3o concordar com algum desses termos, est\u00e1 proibido de usar ou acessar este site. Os &#8230; <a title=\"Condiciones de uso\" class=\"read-more\" href=\"https:\/\/topinfoz.com\/es_co\/termos-de-uso\/\" aria-label=\"Read more about Termos de Uso\">leer m\u00e1s<\/a><\/p>","protected":false},"author":1,"featured_media":0,"parent":0,"menu_order":0,"comment_status":"closed","ping_status":"closed","template":"","meta":{"footnotes":""},"class_list":["post-47341","page","type-page","status-publish"],"_links":{"self":[{"href":"https:\/\/topinfoz.com\/es_co\/wp-json\/wp\/v2\/pages\/47341","targetHints":{"allow":["GET"]}}],"collection":[{"href":"https:\/\/topinfoz.com\/es_co\/wp-json\/wp\/v2\/pages"}],"about":[{"href":"https:\/\/topinfoz.com\/es_co\/wp-json\/wp\/v2\/types\/page"}],"author":[{"embeddable":true,"href":"https:\/\/topinfoz.com\/es_co\/wp-json\/wp\/v2\/users\/1"}],"replies":[{"embeddable":true,"href":"https:\/\/topinfoz.com\/es_co\/wp-json\/wp\/v2\/comments?post=47341"}],"version-history":[{"count":2,"href":"https:\/\/topinfoz.com\/es_co\/wp-json\/wp\/v2\/pages\/47341\/revisions"}],"predecessor-version":[{"id":47746,"href":"https:\/\/topinfoz.com\/es_co\/wp-json\/wp\/v2\/pages\/47341\/revisions\/47746"}],"wp:attachment":[{"href":"https:\/\/topinfoz.com\/es_co\/wp-json\/wp\/v2\/media?parent=47341"}],"curies":[{"name":"wp","href":"https:\/\/api.w.org\/{rel}","templated":true}]}}