{"id":47347,"date":"2024-11-05T00:56:12","date_gmt":"2024-11-05T00:56:12","guid":{"rendered":"https:\/\/topinfoz.com\/?page_id=47347"},"modified":"2024-11-12T22:19:36","modified_gmt":"2024-11-12T22:19:36","slug":"wer-wir-sind","status":"publish","type":"page","link":"https:\/\/topinfoz.com\/de\/quem-somos\/","title":{"rendered":"Wer wir sind"},"content":{"rendered":"<p>Top Infoz ist eine 2024 gegr\u00fcndete Technologie-Website mit dem Ziel, Informationen und Tipps zu Anwendungen, Finanzen und anderen Themen rund um die digitale Welt bereitzustellen. Wir glauben, dass Technologie ein leistungsstarkes Werkzeug zur Ver\u00e4nderung von Leben und Unternehmen ist, und wir m\u00f6chten unseren Lesern helfen, auf dem Laufenden zu bleiben und das Beste aus diesen Werkzeugen herauszuholen.<\/p>\n\n\n\n<p>Hier bei Top Infoz finden Sie von Technologieexperten verfasste Artikel und Tutorials sowie Analysen und Rezensionen zu Produkten und Dienstleistungen. Au\u00dferdem bieten wir Tipps und Tricks, die Ihnen helfen, das Beste aus Ihren mobilen Ger\u00e4ten und Apps herauszuholen.<\/p>\n\n\n\n<p>Unser Team besteht aus Technologieexperten, Journalisten und Autoren, die sich alle daf\u00fcr einsetzen, unseren Lesern qualitativ hochwertige und pr\u00e4zise Inhalte bereitzustellen. Wir glauben, dass Technologie ein leistungsstarkes Werkzeug zur Ver\u00e4nderung von Leben und Unternehmen ist, und unser Ziel ist es, unseren Lesern zu helfen, auf dem Laufenden zu bleiben und das Beste aus diesen Werkzeugen herauszuholen.<\/p>\n\n\n\n<p>Neben Inhalten bieten wir unseren Lesern auch die M\u00f6glichkeit, sich \u00fcber unsere sozialen Netzwerke und Diskussionsforen mit anderen Technikbegeisterten zu vernetzen. Wir legen Wert auf die Meinung unserer Leser und sind jederzeit offen f\u00fcr Vorschl\u00e4ge und Feedback zur Verbesserung unserer Dienstleistungen.<\/p>\n\n\n\n<p>Folgen Sie uns und bleiben Sie \u00fcber die neuesten Trends und Neuigkeiten aus der Welt der Technologie auf dem Laufenden. Vielen Dank f\u00fcr Ihren Besuch auf unserer Website und wir hoffen, Sie bald wieder zu sehen!<\/p>","protected":false},"excerpt":{"rendered":"<p>O Top Infoz \u00e9 um site de tecnologia criado em 2024 com o objetivo de fornecer informa\u00e7\u00f5es e dicas sobre aplicativos, finan\u00e7as e outros assuntos relacionados ao mundo digital. N\u00f3s acreditamos que a tecnologia \u00e9 uma ferramenta poderosa para transformar vidas e empresas, e queremos ajudar nossos leitores a se manterem atualizados e aproveitar ao &#8230; <a title=\"Wer wir sind\" class=\"read-more\" href=\"https:\/\/topinfoz.com\/de\/quem-somos\/\" aria-label=\"Mehr Informationen \u00fcber Quem somos\">mehr lesen<\/a><\/p>","protected":false},"author":1,"featured_media":0,"parent":0,"menu_order":0,"comment_status":"closed","ping_status":"closed","template":"","meta":{"footnotes":""},"class_list":["post-47347","page","type-page","status-publish"],"_links":{"self":[{"href":"https:\/\/topinfoz.com\/de\/wp-json\/wp\/v2\/pages\/47347","targetHints":{"allow":["GET"]}}],"collection":[{"href":"https:\/\/topinfoz.com\/de\/wp-json\/wp\/v2\/pages"}],"about":[{"href":"https:\/\/topinfoz.com\/de\/wp-json\/wp\/v2\/types\/page"}],"author":[{"embeddable":true,"href":"https:\/\/topinfoz.com\/de\/wp-json\/wp\/v2\/users\/1"}],"replies":[{"embeddable":true,"href":"https:\/\/topinfoz.com\/de\/wp-json\/wp\/v2\/comments?post=47347"}],"version-history":[{"count":2,"href":"https:\/\/topinfoz.com\/de\/wp-json\/wp\/v2\/pages\/47347\/revisions"}],"predecessor-version":[{"id":47747,"href":"https:\/\/topinfoz.com\/de\/wp-json\/wp\/v2\/pages\/47347\/revisions\/47747"}],"wp:attachment":[{"href":"https:\/\/topinfoz.com\/de\/wp-json\/wp\/v2\/media?parent=47347"}],"curies":[{"name":"wp","href":"https:\/\/api.w.org\/{rel}","templated":true}]}}